{"id":14,"date":"2026-02-04T21:07:52","date_gmt":"2026-02-04T21:07:52","guid":{"rendered":"https:\/\/www.pambucak.com\/?page_id=14"},"modified":"2026-02-04T21:24:59","modified_gmt":"2026-02-04T21:24:59","slug":"iletisim","status":"publish","type":"page","link":"https:\/\/www.pambucak.com\/index.php\/iletisim\/","title":{"rendered":"\u0130leti\u015fim"},"content":{"rendered":"\n<p><strong>S\u0130TE TASARIM &amp; DESTEK<br><br>\u00d6zdemir \u00d6zer       0 533 339 35 42<br>E-Posta : destek @pambucak.com<br><br>**********************************************************************************<br><br>DERNEK \u0130RT\u0130BAT<br><br>Penpecik K\u00f6y\u00fc K\u00fclt\u00fcr Ve Dayan\u0131\u015fma Derne\u011fi<br><br>Feridun \u00c7elik Mahallesi 4. Cadde No: 352\/11  Alt\u0131nda\u011f \/  <\/strong><strong>ANKARA<\/strong> <\/p>\n\n\n\n<p><strong>\u0130nan  Soyer  0 505 801 33 39<\/strong> <strong><br><br>**********************************************************************************<br><br>K\u00f6Y MUHTARLIK \u0130RT\u0130BAT<br><br>Penpecik K\u00f6y\u00fc Muhtar\u0131<\/strong><\/p>\n\n\n\n<p><strong>Bekta\u015f  G\u00fcren    0 541 960 00 84<br><br><br><\/strong><\/p>\n","protected":false},"excerpt":{"rendered":"<p>S\u0130TE TASARIM &amp; DESTEK \u00d6zdemir \u00d6zer 0 533 339 35 42E-Posta : destek @pambucak.com ********************************************************************************** DERNEK \u0130RT\u0130BAT Penpecik K\u00f6y\u00fc K\u00fclt\u00fcr Ve Dayan\u0131\u015fma Derne\u011fi Feridun \u00c7elik Mahallesi 4. Cadde No: 352\/11 Alt\u0131nda\u011f \/ ANKARA \u0130nan Soyer 0 505 801 33 39 ********************************************************************************** K\u00f6Y MUHTARLIK \u0130RT\u0130BAT Penpecik K\u00f6y\u00fc Muhtar\u0131 Bekta\u015f G\u00fcren 0 541 960 00 84<\/p>\n","protected":false},"author":1,"featured_media":0,"parent":0,"menu_order":0,"comment_status":"closed","ping_status":"closed","template":"","meta":{"footnotes":""},"class_list":["post-14","page","type-page","status-publish","hentry"],"_links":{"self":[{"href":"https:\/\/www.pambucak.com\/index.php\/wp-json\/wp\/v2\/pages\/14","targetHints":{"allow":["GET"]}}],"collection":[{"href":"https:\/\/www.pambucak.com\/index.php\/wp-json\/wp\/v2\/pages"}],"about":[{"href":"https:\/\/www.pambucak.com\/index.php\/wp-json\/wp\/v2\/types\/page"}],"author":[{"embeddable":true,"href":"https:\/\/www.pambucak.com\/index.php\/wp-json\/wp\/v2\/users\/1"}],"replies":[{"embeddable":true,"href":"https:\/\/www.pambucak.com\/index.php\/wp-json\/wp\/v2\/comments?post=14"}],"version-history":[{"count":2,"href":"https:\/\/www.pambucak.com\/index.php\/wp-json\/wp\/v2\/pages\/14\/revisions"}],"predecessor-version":[{"id":199,"href":"https:\/\/www.pambucak.com\/index.php\/wp-json\/wp\/v2\/pages\/14\/revisions\/199"}],"wp:attachment":[{"href":"https:\/\/www.pambucak.com\/index.php\/wp-json\/wp\/v2\/media?parent=14"}],"curies":[{"name":"wp","href":"https:\/\/api.w.org\/{rel}","templated":true}]}}