{"id":2,"date":"2026-02-04T20:44:43","date_gmt":"2026-02-04T20:44:43","guid":{"rendered":"https:\/\/www.pambucak.com\/?page_id=2"},"modified":"2026-02-04T21:32:39","modified_gmt":"2026-02-04T21:32:39","slug":"sample-page","status":"publish","type":"page","link":"https:\/\/www.pambucak.com\/","title":{"rendered":"Anasayfa"},"content":{"rendered":"\n<p>YAKINDA &#8230;..<\/p>\n\n\n\n<p><\/p>\n\n\n\n<p>\u015eEN OLASIN PAMBUCAK<\/p>\n\n\n\n<p>Pambuca\u011f\u0131n da dumanl\u0131d\u0131r da\u011flar\u0131<br>Ellerden \u00fcst\u00fcnd\u00fcr yi\u011fit a\u011falar\u0131<br>Ne g\u00fczel olur kar\u015f\u0131 ba\u011flar\u0131<br>Ben gidiyom da \u015fen olas\u0131n pambucak<\/p>\n\n\n\n<p>Duvanc\u0131 da\u011flar\u0131nda b\u00fclb\u00fcller \u00f6ter<br>Dere ba\u011flar\u0131nda \u00e7i\u00e7ekler biter<br>G\u00fcz gelince g\u00fczel \u00fcz\u00fcmler yeter<br>Ben gidiyom da \u015fen olas\u0131n pambucak<\/p>\n\n\n\n<p>\u00c7evrenin en g\u00fczel bulguru olur<br>A\u011falar beyler pa\u015falar al\u0131r<br>\u0130yi insan\u0131sak ad\u0131m\u0131z kal\u0131r<br>Ben gidiyom da \u015fen olas\u0131n pambucak<\/p>\n\n\n\n<p>S\u00fcleyman gurbette hep seni \u00f6zler<br>Ne kadar yi\u011fitce s\u00f6ylese s\u00f6zler<br>Bahar\u0131nda sonra \u00f6zlenir yazlar<br>Ben gidiyom da \u015fen olas\u0131n PAMBUCAK<\/p>\n\n\n\n<p>S\u00dcLEYMAN SER\u0130NER<\/p>\n","protected":false},"excerpt":{"rendered":"<p>YAKINDA &#8230;.. \u015eEN OLASIN PAMBUCAK Pambuca\u011f\u0131n da dumanl\u0131d\u0131r da\u011flar\u0131Ellerden \u00fcst\u00fcnd\u00fcr yi\u011fit a\u011falar\u0131Ne g\u00fczel olur kar\u015f\u0131 ba\u011flar\u0131Ben gidiyom da \u015fen olas\u0131n pambucak Duvanc\u0131 da\u011flar\u0131nda b\u00fclb\u00fcller \u00f6terDere ba\u011flar\u0131nda \u00e7i\u00e7ekler biterG\u00fcz gelince g\u00fczel \u00fcz\u00fcmler yeterBen gidiyom da \u015fen olas\u0131n pambucak \u00c7evrenin en g\u00fczel bulguru olurA\u011falar beyler pa\u015falar al\u0131r\u0130yi insan\u0131sak ad\u0131m\u0131z kal\u0131rBen gidiyom da \u015fen olas\u0131n pambucak S\u00fcleyman gurbette &hellip; <a href=\"https:\/\/www.pambucak.com\/\" class=\"more-link\"><span class=\"screen-reader-text\">Anasayfa<\/span> yaz\u0131s\u0131na devam et <span class=\"meta-nav\">&rarr;<\/span><\/a><\/p>\n","protected":false},"author":1,"featured_media":0,"parent":0,"menu_order":0,"comment_status":"closed","ping_status":"open","template":"","meta":{"footnotes":""},"class_list":["post-2","page","type-page","status-publish","hentry"],"_links":{"self":[{"href":"https:\/\/www.pambucak.com\/index.php\/wp-json\/wp\/v2\/pages\/2","targetHints":{"allow":["GET"]}}],"collection":[{"href":"https:\/\/www.pambucak.com\/index.php\/wp-json\/wp\/v2\/pages"}],"about":[{"href":"https:\/\/www.pambucak.com\/index.php\/wp-json\/wp\/v2\/types\/page"}],"author":[{"embeddable":true,"href":"https:\/\/www.pambucak.com\/index.php\/wp-json\/wp\/v2\/users\/1"}],"replies":[{"embeddable":true,"href":"https:\/\/www.pambucak.com\/index.php\/wp-json\/wp\/v2\/comments?post=2"}],"version-history":[{"count":3,"href":"https:\/\/www.pambucak.com\/index.php\/wp-json\/wp\/v2\/pages\/2\/revisions"}],"predecessor-version":[{"id":210,"href":"https:\/\/www.pambucak.com\/index.php\/wp-json\/wp\/v2\/pages\/2\/revisions\/210"}],"wp:attachment":[{"href":"https:\/\/www.pambucak.com\/index.php\/wp-json\/wp\/v2\/media?parent=2"}],"curies":[{"name":"wp","href":"https:\/\/api.w.org\/{rel}","templated":true}]}}